{"id":37,"date":"2024-08-25T10:39:42","date_gmt":"2024-08-25T08:39:42","guid":{"rendered":"http:\/\/localhost\/grazia\/?page_id=37"},"modified":"2025-10-15T13:50:08","modified_gmt":"2025-10-15T11:50:08","slug":"unser-leitbild","status":"publish","type":"page","link":"https:\/\/www.hak-feldbach.at\/grazia\/ueber-uns\/unser-leitbild\/","title":{"rendered":"Unser Leitbild"},"content":{"rendered":"\n<div class=\"wp-block-group is-layout-flow wp-block-group-is-layout-flow\">\n<h2 class=\"wp-block-heading\">\u00dcber uns<\/h2>\n\n\n\n<p>Wir sind die \u201eGrazia GmbH\u201c eine \u00dcbungsfirma der Handelsakademie Feldbach. Unsere \u00dcbungsfirma ist seit 1995 in Betrieb und ist seither f\u00fcr Ihre KundInnen im Einsatz. Unser junges und motiviertes Team, bestehend aus 21 Mitarbeiterinnen und Mitarbeitern, ist stets am Puls der Zeit, um den Anforderungen unserer KundInnen gerecht zu werden.<\/p>\n\n\n\n<p>Wir handeln mit Werbe- und Geschenkartikeln aus vielen verschiedenen Produktkategorien, wie Elektronik, Entertainment, Outdoor und vielen mehr. Unsere Produkte verfolgen bereits heute die Trends von morgen.<\/p>\n\n\n\n<div style=\"height:20px\" aria-hidden=\"true\" class=\"wp-block-spacer\"><\/div>\n<\/div>\n\n\n\n<div class=\"wp-block-group is-layout-flow wp-block-group-is-layout-flow\">\n<h2 class=\"wp-block-heading\">Vision<\/h2>\n\n\n\n<p>Unser Ziel ist es, in den n\u00e4chsten Jahren eines der erfolgreichsten Handelsunternehmen am steirischen \u00dcbungsfirmenmarkt zu werden. Wir bem\u00fchen uns einen breiten Kundenstamm aufzubauen, erster Ansprechpartner f\u00fcr unsere KundInnen zu werden und uns digital zu vernetzen. <\/p>\n\n\n\n<div style=\"height:20px\" aria-hidden=\"true\" class=\"wp-block-spacer\"><\/div>\n<\/div>\n\n\n\n<div class=\"wp-block-group is-layout-flow wp-block-group-is-layout-flow\">\n<h2 class=\"wp-block-heading\">Mission<\/h2>\n\n\n\n<p>Die MitarbeiterInnen in unserem Team sind unsere gr\u00f6\u00dfte St\u00e4rke. Aufgrund unserer hochqualifizierten MitarbeiterInnen sind wir in der Lage, auf Vertrauen gepr\u00e4gte Kundenbeziehungen aufzubauen und alle Kundenw\u00fcnsche schnellst m\u00f6glich umzusetzen. Durch Digitalisierung, Transparenz und kontinuierliche Verbesserung streben wir danach, das Einkaufserlebnis bei der Grazia GmbH stetig zu optimieren. <\/p>\n\n\n\n<div style=\"height:20px\" aria-hidden=\"true\" class=\"wp-block-spacer\"><\/div>\n<\/div>\n\n\n\n<h2 class=\"wp-block-heading\">Zielsetzung<\/h2>\n\n\n\n<p>Im heurigen Gesch\u00e4ftsjahr m\u00f6chten wir uns gezielt weiterentwickeln und den ver\u00e4nderten Anforderungen des Marktes gerecht werden. Daf\u00fcr setzen wir klare Schwerpunkte, die eine Optimierung unseres Produktangebots und die St\u00e4rkung unserer digitalen Pr\u00e4senz zum Ziel haben.<br>Ein zentrales Projekt wird die \u00dcberarbeitung unseres Produktkatalogs sein. Unser Ziel ist es, die Produktdarstellung zu modernisieren und transparenter zu gestalten. So k\u00f6nnen wir unseren Kundinnen und Kunden eine \u00fcbersichtliche und ansprechende Auswahl pr\u00e4sentieren, die ihre Bed\u00fcrfnisse noch gezielter anspricht.<br>Die neue digitale Verkaufsplattform erm\u00f6glicht es uns, die Reichweite zu erh\u00f6hen und Kundinnen und Kunden eine moderne, unkomplizierte Einkaufserfahrung zu bieten.<br>Mit diesen Schritten wollen wir nicht nur unsere Prozesse optimieren, sondern auch die Zufriedenheit unserer Kundinnen und Kunden steigern.<br><br>Au\u00dferdem optimieren wir laufend unsere Gesch\u00e4ftsprozesse, damit wir unseren Kundinnen und Kunden unseren besten Service bieten k\u00f6nnen. Die st\u00e4ndige Weiterentwicklung und Verbesserung unseres Unternehmens liegen uns sehr am Herzen!<\/p>\n\n\n\n<p><\/p>\n\n\n\n<p><br><\/p>\n","protected":false},"excerpt":{"rendered":"<p>\u00dcber uns Wir sind die \u201eGrazia GmbH\u201c eine \u00dcbungsfirma der Handelsakademie Feldbach. Unsere \u00dcbungsfirma ist seit 1995 in Betrieb und ist seither f\u00fcr Ihre KundInnen im Einsatz. Unser junges und motiviertes Team, bestehend aus 21 Mitarbeiterinnen und Mitarbeitern, ist stets am Puls der Zeit, um den Anforderungen unserer KundInnen gerecht zu werden. Wir handeln mit [&hellip;]<\/p>\n","protected":false},"author":1,"featured_media":0,"parent":29,"menu_order":0,"comment_status":"closed","ping_status":"closed","template":"wp-custom-template-unterseiten","meta":{"footnotes":""},"class_list":["post-37","page","type-page","status-publish","hentry"],"_links":{"self":[{"href":"https:\/\/www.hak-feldbach.at\/grazia\/wp-json\/wp\/v2\/pages\/37","targetHints":{"allow":["GET"]}}],"collection":[{"href":"https:\/\/www.hak-feldbach.at\/grazia\/wp-json\/wp\/v2\/pages"}],"about":[{"href":"https:\/\/www.hak-feldbach.at\/grazia\/wp-json\/wp\/v2\/types\/page"}],"author":[{"embeddable":true,"href":"https:\/\/www.hak-feldbach.at\/grazia\/wp-json\/wp\/v2\/users\/1"}],"replies":[{"embeddable":true,"href":"https:\/\/www.hak-feldbach.at\/grazia\/wp-json\/wp\/v2\/comments?post=37"}],"version-history":[{"count":11,"href":"https:\/\/www.hak-feldbach.at\/grazia\/wp-json\/wp\/v2\/pages\/37\/revisions"}],"predecessor-version":[{"id":433,"href":"https:\/\/www.hak-feldbach.at\/grazia\/wp-json\/wp\/v2\/pages\/37\/revisions\/433"}],"up":[{"embeddable":true,"href":"https:\/\/www.hak-feldbach.at\/grazia\/wp-json\/wp\/v2\/pages\/29"}],"wp:attachment":[{"href":"https:\/\/www.hak-feldbach.at\/grazia\/wp-json\/wp\/v2\/media?parent=37"}],"curies":[{"name":"wp","href":"https:\/\/api.w.org\/{rel}","templated":true}]}}