{"id":1312,"date":"2025-12-03T12:33:56","date_gmt":"2025-12-03T11:33:56","guid":{"rendered":"https:\/\/www.hak-feldbach.at\/paticom\/?page_id=1312"},"modified":"2026-01-21T14:24:47","modified_gmt":"2026-01-21T13:24:47","slug":"angebote","status":"publish","type":"page","link":"https:\/\/www.hak-feldbach.at\/paticom\/angebote\/","title":{"rendered":"Angebote"},"content":{"rendered":"\n<div class=\"wp-block-cover alignfull is-light\"><img loading=\"lazy\" decoding=\"async\" width=\"1280\" height=\"853\" class=\"wp-block-cover__image-background wp-image-1379 size-full\" alt=\"\" src=\"https:\/\/www.hak-feldbach.at\/paticom\/wp-content\/uploads\/2025\/12\/Angebote.jpg\" style=\"object-position:48% 64%\" data-object-fit=\"cover\" data-object-position=\"48% 64%\" srcset=\"https:\/\/www.hak-feldbach.at\/paticom\/wp-content\/uploads\/2025\/12\/Angebote.jpg 1280w, https:\/\/www.hak-feldbach.at\/paticom\/wp-content\/uploads\/2025\/12\/Angebote-300x200.jpg 300w, https:\/\/www.hak-feldbach.at\/paticom\/wp-content\/uploads\/2025\/12\/Angebote-1024x682.jpg 1024w, https:\/\/www.hak-feldbach.at\/paticom\/wp-content\/uploads\/2025\/12\/Angebote-768x512.jpg 768w\" sizes=\"auto, (max-width: 1280px) 100vw, 1280px\" \/><span aria-hidden=\"true\" class=\"wp-block-cover__background has-contrast-background-color has-background-dim-30 has-background-dim\"><\/span><div class=\"wp-block-cover__inner-container has-global-padding is-layout-constrained wp-block-cover-is-layout-constrained\">\n<h2 class=\"wp-block-heading has-text-align-center has-base-color has-text-color has-link-color has-xx-large-font-size wp-elements-705f8bd10b089faedd3877e2205b253d\">Angebote<\/h2>\n<\/div><\/div>\n\n\n\n<div style=\"height:37px\" aria-hidden=\"true\" class=\"wp-block-spacer\"><\/div>\n\n\n\n<p><strong>Papier, Tisch, Computer.<\/strong><\/p>\n\n\n\n<h2 class=\"wp-block-heading\">Immer die neuesten Angebote<\/h2>\n\n\n\n<p>Auf dieser Seite pr\u00e4sentieren wir immer das neuste und aktuell verf\u00fcgbare Angebot.<br>Wir aktualisieren die Inhalte regelm\u00e4\u00dfig, damit Sie jederzeit auf dem aktuellen Stand sind und keine Aktion oder Neuigkeit verpassen. Schauen Sie gerne \u00f6fter vorbei \u2013 PATICOM sorgt daf\u00fcr, dass Sie hier stets die frischesten Informationen und Vorteile finden.<\/p>\n\n\n\n<div style=\"height:7px\" aria-hidden=\"true\" class=\"wp-block-spacer\"><\/div>\n\n\n\n<h3 class=\"wp-block-heading has-text-align-center\">Tech-Finale Angebot:<\/h3>\n\n\n\n<div class=\"wp-block-buttons is-content-justification-center is-nowrap is-layout-flex wp-container-core-buttons-is-layout-12a27398 wp-block-buttons-is-layout-flex\">\n<div class=\"wp-block-button has-custom-width wp-block-button__width-50 is-style-fill\"><a class=\"wp-block-button__link has-text-color has-background has-link-color has-border-color has-contrast-border-color has-text-align-center wp-element-button\" href=\"https:\/\/www.hak-feldbach.at\/paticom\/wp-content\/uploads\/2025\/11\/TechFinale_Angebot.pdf\" style=\"border-width:2px;color:#5896ad;background-color:#dedede;box-shadow:var(--wp--preset--shadow--natural);font-style:normal;font-weight:600\" target=\"_blank\" rel=\"noreferrer noopener\">Angebot \u00f6ffnen<\/a><\/div>\n<\/div>\n\n\n\n<p><\/p>\n","protected":false},"excerpt":{"rendered":"<p>Papier, Tisch, Computer. Immer die neuesten Angebote Auf dieser Seite pr\u00e4sentieren wir immer das neuste und aktuell verf\u00fcgbare Angebot.Wir aktualisieren die Inhalte regelm\u00e4\u00dfig, damit Sie jederzeit auf dem aktuellen Stand sind und keine Aktion oder Neuigkeit verpassen. Schauen Sie gerne \u00f6fter vorbei \u2013 PATICOM sorgt daf\u00fcr, dass Sie hier stets die frischesten Informationen und Vorteile [&hellip;]<\/p>\n","protected":false},"author":1,"featured_media":0,"parent":0,"menu_order":0,"comment_status":"closed","ping_status":"closed","template":"","meta":{"_themeisle_gutenberg_block_has_review":false,"footnotes":""},"class_list":["post-1312","page","type-page","status-publish","hentry"],"_links":{"self":[{"href":"https:\/\/www.hak-feldbach.at\/paticom\/wp-json\/wp\/v2\/pages\/1312","targetHints":{"allow":["GET"]}}],"collection":[{"href":"https:\/\/www.hak-feldbach.at\/paticom\/wp-json\/wp\/v2\/pages"}],"about":[{"href":"https:\/\/www.hak-feldbach.at\/paticom\/wp-json\/wp\/v2\/types\/page"}],"author":[{"embeddable":true,"href":"https:\/\/www.hak-feldbach.at\/paticom\/wp-json\/wp\/v2\/users\/1"}],"replies":[{"embeddable":true,"href":"https:\/\/www.hak-feldbach.at\/paticom\/wp-json\/wp\/v2\/comments?post=1312"}],"version-history":[{"count":12,"href":"https:\/\/www.hak-feldbach.at\/paticom\/wp-json\/wp\/v2\/pages\/1312\/revisions"}],"predecessor-version":[{"id":1542,"href":"https:\/\/www.hak-feldbach.at\/paticom\/wp-json\/wp\/v2\/pages\/1312\/revisions\/1542"}],"wp:attachment":[{"href":"https:\/\/www.hak-feldbach.at\/paticom\/wp-json\/wp\/v2\/media?parent=1312"}],"curies":[{"name":"wp","href":"https:\/\/api.w.org\/{rel}","templated":true}]}}