{"id":144,"date":"2020-09-15T10:27:18","date_gmt":"2020-09-15T10:27:18","guid":{"rendered":"https:\/\/www.hak-feldbach.at\/paticom_wp\/home\/"},"modified":"2026-01-21T13:53:51","modified_gmt":"2026-01-21T12:53:51","slug":"home","status":"publish","type":"page","link":"https:\/\/www.hak-feldbach.at\/paticom\/","title":{"rendered":"Home"},"content":{"rendered":"\n<div class=\"wp-block-cover alignfull is-light\" style=\"min-height:672px;aspect-ratio:unset;\"><img loading=\"lazy\" decoding=\"async\" width=\"1344\" height=\"768\" class=\"wp-block-cover__image-background wp-image-1181 size-full\" alt=\"\" src=\"https:\/\/www.hak-feldbach.at\/paticom\/wp-content\/uploads\/2025\/11\/Banner-hintergrund.png\" style=\"object-position:50% 71%\" data-object-fit=\"cover\" data-object-position=\"50% 71%\" srcset=\"https:\/\/www.hak-feldbach.at\/paticom\/wp-content\/uploads\/2025\/11\/Banner-hintergrund.png 1344w, https:\/\/www.hak-feldbach.at\/paticom\/wp-content\/uploads\/2025\/11\/Banner-hintergrund-300x171.png 300w, https:\/\/www.hak-feldbach.at\/paticom\/wp-content\/uploads\/2025\/11\/Banner-hintergrund-1024x585.png 1024w, https:\/\/www.hak-feldbach.at\/paticom\/wp-content\/uploads\/2025\/11\/Banner-hintergrund-768x439.png 768w\" sizes=\"auto, (max-width: 1344px) 100vw, 1344px\" \/><span aria-hidden=\"true\" class=\"wp-block-cover__background has-contrast-background-color has-background-dim-30 has-background-dim\"><\/span><div class=\"wp-block-cover__inner-container is-layout-flow wp-block-cover-is-layout-flow\">\n<h5 class=\"wp-block-heading has-text-align-center has-white-color has-text-color\">21x zertifiziert<\/h5>\n\n\n\n<h1 class=\"wp-block-heading has-text-align-center has-white-color has-text-color has-xx-large-font-size\">Paticom<\/h1>\n\n\n\n<h4 class=\"wp-block-heading has-text-align-center has-white-color has-text-color\" style=\"font-size:clamp(24.034px, 1.502rem + ((1vw - 3.2px) * 1.565), 40px);\">\u00dcbungsfirma der HAK\/HAS Feldbach<\/h4>\n<\/div><\/div>\n\n\n\n<div class=\"wp-block-group alignfull has-ast-global-color-5-background-color has-background has-global-padding is-layout-constrained wp-container-core-group-is-layout-f28b74bc wp-block-group-is-layout-constrained\">\n<div style=\"height:56px\" aria-hidden=\"true\" class=\"wp-block-spacer\"><\/div>\n\n\n\n<p class=\"has-text-align-center\">Die PATICOM Computer- &amp; B\u00fcromaterialhandel GmbH steht f\u00fcr Flexibilit\u00e4t, Qualit\u00e4t und Aktualit\u00e4t. Derzeit sind 10 Personen im Unternehmen besch\u00e4ftigt. Durch den Verkauf unserer konkurrenzf\u00e4higen Produkte k\u00f6nnen wir viele zufriedene Kunden zu unserem Kundenstamm z\u00e4hlen.<\/p>\n\n\n\n<p class=\"has-text-align-center\">Wir erm\u00f6glichen Ihnen durch die Vielzahl an erstklassigen Produkten all Ihre Anforderungen und W\u00fcnsche an Qualit\u00e4t und Aktualit\u00e4t zu \u00e4u\u00dferster Zufriedenheit zu erf\u00fcllen. Au\u00dferdem sind unsere Produkte immer up-to-date und stellen die neusten Innovationen auf dem Markt dar.<\/p>\n\n\n\n<p class=\"has-text-align-center\">Wir bieten unseren Kundinnen und Kunden die Gelegenheit alles rund um Papier, Tisch und Computer aus einem reichhaltigen Angebot zu g\u00fcnstigen Preisen zu erwerben und damit L\u00f6sungen f\u00fcr allt\u00e4gliche Probleme zu bieten. Daf\u00fcr steht die Firma PATICOM mit ihrem Namen.<\/p>\n\n\n\n<p class=\"has-text-align-center\">Erfahren Sie mehr in:<\/p>\n\n\n\n<div class=\"wp-block-buttons alignwide has-custom-font-size animated bounce has-medium-font-size is-horizontal is-content-justification-center is-nowrap is-layout-flex wp-container-core-buttons-is-layout-872dd9e7 wp-block-buttons-is-layout-flex\" style=\"border-radius:0px;padding-right:0;padding-left:0\">\n<div class=\"wp-block-button has-custom-width wp-block-button__width-50 animated bounce is-style-fill\"><a class=\"wp-block-button__link has-text-color has-background has-link-color has-border-color has-contrast-border-color wp-element-button\" href=\"https:\/\/www.hak-feldbach.at\/paticom\/ueber-uns\/\" style=\"border-width:2px;color:#5896ad;background-color:#ececec;box-shadow:var(--wp--preset--shadow--natural);font-style:normal;font-weight:700\">\u00dcber uns<\/a><\/div>\n<\/div>\n\n\n\n<div style=\"height:100px\" aria-hidden=\"true\" class=\"wp-block-spacer\"><\/div>\n<\/div>\n\n\n\n<div class=\"wp-block-group alignfull has-ast-global-color-5-background-color has-background has-global-padding is-layout-constrained wp-block-group-is-layout-constrained\">\n<h2 class=\"wp-block-heading has-text-align-center\" style=\"margin-top:-50px\">Produktkategorien der PATICOM<\/h2>\n\n\n\n<div style=\"height:14px\" aria-hidden=\"true\" class=\"wp-block-spacer\"><\/div>\n\n\n\n<div class=\"wp-block-columns alignwide is-layout-flex wp-container-core-columns-is-layout-7fc3d43a wp-block-columns-is-layout-flex\">\n<div class=\"wp-block-column is-layout-flow wp-block-column-is-layout-flow\">\n<figure class=\"wp-block-image aligncenter size-full is-resized paticom-card\"><img loading=\"lazy\" decoding=\"async\" width=\"640\" height=\"427\" src=\"https:\/\/www.hak-feldbach.at\/paticom\/wp-content\/uploads\/2025\/12\/Papier.jpg\" alt=\"\" class=\"wp-image-1365\" style=\"box-shadow:var(--wp--preset--shadow--natural);aspect-ratio:3\/2;object-fit:cover;width:350px\" srcset=\"https:\/\/www.hak-feldbach.at\/paticom\/wp-content\/uploads\/2025\/12\/Papier.jpg 640w, https:\/\/www.hak-feldbach.at\/paticom\/wp-content\/uploads\/2025\/12\/Papier-300x200.jpg 300w\" sizes=\"auto, (max-width: 640px) 100vw, 640px\" \/><\/figure>\n\n\n\n<h4 class=\"wp-block-heading has-text-align-center\" style=\"font-style:normal;font-weight:800\">PApier<\/h4>\n<\/div>\n\n\n\n<div class=\"wp-block-column is-layout-flow wp-block-column-is-layout-flow\">\n<figure class=\"wp-block-image aligncenter size-full is-resized paticom-card\"><img loading=\"lazy\" decoding=\"async\" width=\"960\" height=\"636\" src=\"https:\/\/www.hak-feldbach.at\/paticom\/wp-content\/uploads\/2025\/12\/Tisch-1.jpg\" alt=\"\" class=\"wp-image-1369\" style=\"box-shadow:var(--wp--preset--shadow--natural);aspect-ratio:3\/2;object-fit:cover;width:350px\" srcset=\"https:\/\/www.hak-feldbach.at\/paticom\/wp-content\/uploads\/2025\/12\/Tisch-1.jpg 960w, https:\/\/www.hak-feldbach.at\/paticom\/wp-content\/uploads\/2025\/12\/Tisch-1-300x199.jpg 300w, https:\/\/www.hak-feldbach.at\/paticom\/wp-content\/uploads\/2025\/12\/Tisch-1-768x509.jpg 768w\" sizes=\"auto, (max-width: 960px) 100vw, 960px\" \/><\/figure>\n\n\n\n<h4 class=\"wp-block-heading has-text-align-center\" style=\"font-style:normal;font-weight:800\">TIsch<\/h4>\n<\/div>\n\n\n\n<div class=\"wp-block-column is-layout-flow wp-block-column-is-layout-flow\">\n<figure class=\"wp-block-image aligncenter size-full is-resized has-custom-border paticom-card\"><img loading=\"lazy\" decoding=\"async\" width=\"1280\" height=\"853\" src=\"https:\/\/www.hak-feldbach.at\/paticom\/wp-content\/uploads\/2025\/12\/Computer-1.jpg\" alt=\"\" class=\"wp-image-1370\" style=\"border-bottom-style:none;border-bottom-width:0px;box-shadow:var(--wp--preset--shadow--natural);aspect-ratio:3\/2;object-fit:cover;width:350px\" srcset=\"https:\/\/www.hak-feldbach.at\/paticom\/wp-content\/uploads\/2025\/12\/Computer-1.jpg 1280w, https:\/\/www.hak-feldbach.at\/paticom\/wp-content\/uploads\/2025\/12\/Computer-1-300x200.jpg 300w, https:\/\/www.hak-feldbach.at\/paticom\/wp-content\/uploads\/2025\/12\/Computer-1-1024x682.jpg 1024w, https:\/\/www.hak-feldbach.at\/paticom\/wp-content\/uploads\/2025\/12\/Computer-1-768x512.jpg 768w\" sizes=\"auto, (max-width: 1280px) 100vw, 1280px\" \/><\/figure>\n\n\n\n<h4 class=\"wp-block-heading has-text-align-center\" style=\"font-style:normal;font-weight:800\">COMputer<\/h4>\n<\/div>\n<\/div>\n<\/div>\n\n\n\n<p><\/p>\n","protected":false},"excerpt":{"rendered":"<p>Die PATICOM Computer- &amp; B\u00fcromaterialhandel GmbH steht f\u00fcr Flexibilit\u00e4t, Qualit\u00e4t und Aktualit\u00e4t. Derzeit sind 10 Personen im Unternehmen besch\u00e4ftigt. Durch den Verkauf unserer konkurrenzf\u00e4higen Produkte k\u00f6nnen wir viele zufriedene Kunden zu unserem Kundenstamm z\u00e4hlen. Wir erm\u00f6glichen Ihnen durch die Vielzahl an erstklassigen Produkten all Ihre Anforderungen und W\u00fcnsche an Qualit\u00e4t und Aktualit\u00e4t zu \u00e4u\u00dferster Zufriedenheit [&hellip;]<\/p>\n","protected":false},"author":2,"featured_media":0,"parent":0,"menu_order":0,"comment_status":"closed","ping_status":"closed","template":"","meta":{"_themeisle_gutenberg_block_has_review":false,"footnotes":""},"class_list":["post-144","page","type-page","status-publish","hentry"],"_links":{"self":[{"href":"https:\/\/www.hak-feldbach.at\/paticom\/wp-json\/wp\/v2\/pages\/144","targetHints":{"allow":["GET"]}}],"collection":[{"href":"https:\/\/www.hak-feldbach.at\/paticom\/wp-json\/wp\/v2\/pages"}],"about":[{"href":"https:\/\/www.hak-feldbach.at\/paticom\/wp-json\/wp\/v2\/types\/page"}],"author":[{"embeddable":true,"href":"https:\/\/www.hak-feldbach.at\/paticom\/wp-json\/wp\/v2\/users\/2"}],"replies":[{"embeddable":true,"href":"https:\/\/www.hak-feldbach.at\/paticom\/wp-json\/wp\/v2\/comments?post=144"}],"version-history":[{"count":61,"href":"https:\/\/www.hak-feldbach.at\/paticom\/wp-json\/wp\/v2\/pages\/144\/revisions"}],"predecessor-version":[{"id":1540,"href":"https:\/\/www.hak-feldbach.at\/paticom\/wp-json\/wp\/v2\/pages\/144\/revisions\/1540"}],"wp:attachment":[{"href":"https:\/\/www.hak-feldbach.at\/paticom\/wp-json\/wp\/v2\/media?parent=144"}],"curies":[{"name":"wp","href":"https:\/\/api.w.org\/{rel}","templated":true}]}}