{"id":146,"date":"2020-09-15T10:28:14","date_gmt":"2020-09-15T10:28:14","guid":{"rendered":"https:\/\/www.hak-feldbach.at\/paticom_wp\/products\/"},"modified":"2026-01-21T12:56:47","modified_gmt":"2026-01-21T11:56:47","slug":"products","status":"publish","type":"page","link":"https:\/\/www.hak-feldbach.at\/paticom\/products\/","title":{"rendered":"Produkte"},"content":{"rendered":"\n<div class=\"wp-block-cover alignfull\"><img loading=\"lazy\" decoding=\"async\" width=\"1280\" height=\"824\" class=\"wp-block-cover__image-background wp-image-1372 size-full\" alt=\"\" src=\"https:\/\/www.hak-feldbach.at\/paticom\/wp-content\/uploads\/2025\/12\/Karriere.jpg\" data-object-fit=\"cover\" srcset=\"https:\/\/www.hak-feldbach.at\/paticom\/wp-content\/uploads\/2025\/12\/Karriere.jpg 1280w, https:\/\/www.hak-feldbach.at\/paticom\/wp-content\/uploads\/2025\/12\/Karriere-300x193.jpg 300w, https:\/\/www.hak-feldbach.at\/paticom\/wp-content\/uploads\/2025\/12\/Karriere-1024x659.jpg 1024w, https:\/\/www.hak-feldbach.at\/paticom\/wp-content\/uploads\/2025\/12\/Karriere-768x494.jpg 768w\" sizes=\"auto, (max-width: 1280px) 100vw, 1280px\" \/><span aria-hidden=\"true\" class=\"wp-block-cover__background has-contrast-background-color has-background-dim-30 has-background-dim\"><\/span><div class=\"wp-block-cover__inner-container has-global-padding is-layout-constrained wp-block-cover-is-layout-constrained\">\n<h1 class=\"wp-block-heading has-text-align-center has-white-color has-text-color has-link-color wp-elements-47bdf35c6a0de50759c5f8ad2ed4b3e6\">Produkte<\/h1>\n<\/div><\/div>\n\n\n\n<div style=\"height:27px\" aria-hidden=\"true\" class=\"wp-block-spacer\"><\/div>\n\n\n\n<div class=\"wp-block-group alignfull has-ast-global-color-4-background-color has-background has-global-padding is-layout-constrained wp-block-group-is-layout-constrained\">\n<div class=\"wp-block-columns is-layout-flex wp-container-core-columns-is-layout-28f84493 wp-block-columns-is-layout-flex\">\n<div class=\"wp-block-column is-layout-flow wp-block-column-is-layout-flow\">\n<h5 class=\"wp-block-heading has-text-align-left has-text-color has-link-color wp-elements-ef1638da8a14d8255c2c6f020e90974d\" style=\"color:#6f99d3\">Papier, Tisch, Computer.<\/h5>\n\n\n\n<h2 class=\"wp-block-heading has-text-color has-link-color wp-elements-fa6336a674040ea8425b039b8797374d\" style=\"color:#224d8a;font-style:normal;font-weight:700\">F\u00fcr jedes B\u00fcro die passenden Produkte<\/h2>\n\n\n\n<p>Wir verkaufen B\u00fcroartikel, M\u00f6bel und Elektronik. F\u00fcr jedes B\u00fcro gibt es ein passendes  Angebot. Am besten machen Sie sich selbst ein Bild und st\u00f6bern durch unsere Produkte.<\/p>\n\n\n\n<p><\/p>\n<\/div>\n\n\n\n<div class=\"wp-block-column is-layout-flow wp-block-column-is-layout-flow\">\n<figure class=\"wp-block-image size-large\"><img loading=\"lazy\" decoding=\"async\" width=\"1024\" height=\"682\" src=\"https:\/\/www.hak-feldbach.at\/paticom\/wp-content\/uploads\/2025\/12\/Computer-1-1024x682.jpg\" alt=\"\" class=\"wp-image-1370\" style=\"box-shadow:var(--wp--preset--shadow--natural)\" srcset=\"https:\/\/www.hak-feldbach.at\/paticom\/wp-content\/uploads\/2025\/12\/Computer-1-1024x682.jpg 1024w, https:\/\/www.hak-feldbach.at\/paticom\/wp-content\/uploads\/2025\/12\/Computer-1-300x200.jpg 300w, https:\/\/www.hak-feldbach.at\/paticom\/wp-content\/uploads\/2025\/12\/Computer-1-768x512.jpg 768w, https:\/\/www.hak-feldbach.at\/paticom\/wp-content\/uploads\/2025\/12\/Computer-1.jpg 1280w\" sizes=\"auto, (max-width: 1024px) 100vw, 1024px\" \/><\/figure>\n<\/div>\n<\/div>\n<\/div>\n\n\n\n<div style=\"height:36px\" aria-hidden=\"true\" class=\"wp-block-spacer\"><\/div>\n\n\n\n<div class=\"wp-block-group alignfull has-ast-global-color-5-background-color has-background has-global-padding is-layout-constrained wp-block-group-is-layout-constrained\">\n<h2 class=\"wp-block-heading has-text-align-center has-text-color has-link-color wp-elements-8e7d355cf88ae02d75307c925943bc99\" style=\"color:#224d8a\">Fokus auf optimales Arbeiten<\/h2>\n\n\n\n<div class=\"wp-block-columns alignwide is-layout-flex wp-container-core-columns-is-layout-28f84493 wp-block-columns-is-layout-flex\">\n<div class=\"wp-block-column is-vertically-aligned-top is-layout-flow wp-block-column-is-layout-flow\">\n<hr class=\"wp-block-separator has-css-opacity is-style-wide is-style-wide--1\"\/>\n\n\n\n<h4 class=\"wp-block-heading has-text-align-center\">B\u00fcromaterial<\/h4>\n\n\n\n<p class=\"has-text-align-center\">Wir verkaufen die optimalen Produkte f\u00fcr Ihre t\u00e4glichen Arbeiten.<\/p>\n\n\n\n<hr class=\"wp-block-separator has-css-opacity is-style-wide is-style-wide--2\"\/>\n\n\n\n<h4 class=\"wp-block-heading has-text-align-center\">Hardware<\/h4>\n\n\n\n<p class=\"has-text-align-center\">Laptops, Drucker, Smartphones f\u00fcr die maximale Effizienz beim Arbeiten.<\/p>\n<\/div>\n\n\n\n<div class=\"wp-block-column is-layout-flow wp-block-column-is-layout-flow\">\n<hr class=\"wp-block-separator has-css-opacity is-style-wide is-style-wide--3\"\/>\n\n\n\n<h4 class=\"wp-block-heading has-text-align-center\">B\u00fcrom\u00f6bel<\/h4>\n\n\n\n<p class=\"has-text-align-center\">M\u00f6bel und St\u00fchle f\u00fcr die perfekte Ergonomie am Arbeitsplatz.<\/p>\n\n\n\n<div style=\"height:10px\" aria-hidden=\"true\" class=\"wp-block-spacer\"><\/div>\n\n\n\n<hr class=\"wp-block-separator has-css-opacity is-style-wide is-style-wide--4\"\/>\n\n\n\n<h4 class=\"wp-block-heading has-text-align-center\">Software<\/h4>\n\n\n\n<p class=\"has-text-align-center\">Produkte wie Adobe Photoshop, Microsoft Office oder auch Windows finden Sie in unserem Online-Shop.<\/p>\n<\/div>\n<\/div>\n\n\n\n<div style=\"height:18px\" aria-hidden=\"true\" class=\"wp-block-spacer\"><\/div>\n<\/div>\n\n\n\n<div style=\"height:28px\" aria-hidden=\"true\" class=\"wp-block-spacer\"><\/div>\n\n\n\n<div class=\"wp-block-group alignfull has-ast-global-color-4-background-color has-background has-global-padding is-layout-constrained wp-block-group-is-layout-constrained\">\n<h3 class=\"wp-block-heading has-text-align-center has-text-color has-link-color wp-elements-2bf03e7862681e0d838db34f3140bd8b\" style=\"color:#6f99d3;font-size:clamp(16.293px, 1.018rem + ((1vw - 3.2px) * 0.854), 25px);font-style:normal;font-weight:600\">Besuchen sie jetzt unseren Online-Shop<\/h3>\n\n\n\n<div style=\"height:12px\" aria-hidden=\"true\" class=\"wp-block-spacer\"><\/div>\n\n\n\n<div class=\"wp-block-buttons is-horizontal is-content-justification-center is-layout-flex wp-container-core-buttons-is-layout-03627597 wp-block-buttons-is-layout-flex\">\n<div class=\"wp-block-button has-custom-width wp-block-button__width-25 animated jello o-anim-hover\"><a class=\"wp-block-button__link has-background has-border-color has-contrast-border-color has-custom-font-size wp-element-button\" href=\"https:\/\/marketplace.penworldwide.org\/?enterprisePenCode=AT010000868\" style=\"border-width:3px;background-color:#dedede;box-shadow:var(--wp--preset--shadow--natural);font-size:0px\" target=\"_blank\" rel=\"noreferrer noopener\"><img loading=\"lazy\" decoding=\"async\" width=\"50\" height=\"50\" class=\"wp-image-1231\" style=\"width: 50px;\" src=\"https:\/\/www.hak-feldbach.at\/paticom\/wp-content\/uploads\/2025\/11\/Einkaufswagen.png\" alt=\"\" srcset=\"https:\/\/www.hak-feldbach.at\/paticom\/wp-content\/uploads\/2025\/11\/Einkaufswagen.png 512w, https:\/\/www.hak-feldbach.at\/paticom\/wp-content\/uploads\/2025\/11\/Einkaufswagen-300x300.png 300w, https:\/\/www.hak-feldbach.at\/paticom\/wp-content\/uploads\/2025\/11\/Einkaufswagen-150x150.png 150w\" sizes=\"auto, (max-width: 50px) 100vw, 50px\" \/><\/a><\/div>\n<\/div>\n<\/div>\n\n\n\n<p><\/p>\n","protected":false},"excerpt":{"rendered":"<p>Papier, Tisch, Computer. F\u00fcr jedes B\u00fcro die passenden Produkte Wir verkaufen B\u00fcroartikel, M\u00f6bel und Elektronik. F\u00fcr jedes B\u00fcro gibt es ein passendes Angebot. Am besten machen Sie sich selbst ein Bild und st\u00f6bern durch unsere Produkte. Fokus auf optimales Arbeiten B\u00fcromaterial Wir verkaufen die optimalen Produkte f\u00fcr Ihre t\u00e4glichen Arbeiten. Hardware Laptops, Drucker, Smartphones f\u00fcr [&hellip;]<\/p>\n","protected":false},"author":2,"featured_media":0,"parent":0,"menu_order":0,"comment_status":"closed","ping_status":"closed","template":"","meta":{"_themeisle_gutenberg_block_has_review":false,"footnotes":""},"class_list":["post-146","page","type-page","status-publish","hentry"],"_links":{"self":[{"href":"https:\/\/www.hak-feldbach.at\/paticom\/wp-json\/wp\/v2\/pages\/146","targetHints":{"allow":["GET"]}}],"collection":[{"href":"https:\/\/www.hak-feldbach.at\/paticom\/wp-json\/wp\/v2\/pages"}],"about":[{"href":"https:\/\/www.hak-feldbach.at\/paticom\/wp-json\/wp\/v2\/types\/page"}],"author":[{"embeddable":true,"href":"https:\/\/www.hak-feldbach.at\/paticom\/wp-json\/wp\/v2\/users\/2"}],"replies":[{"embeddable":true,"href":"https:\/\/www.hak-feldbach.at\/paticom\/wp-json\/wp\/v2\/comments?post=146"}],"version-history":[{"count":30,"href":"https:\/\/www.hak-feldbach.at\/paticom\/wp-json\/wp\/v2\/pages\/146\/revisions"}],"predecessor-version":[{"id":1531,"href":"https:\/\/www.hak-feldbach.at\/paticom\/wp-json\/wp\/v2\/pages\/146\/revisions\/1531"}],"wp:attachment":[{"href":"https:\/\/www.hak-feldbach.at\/paticom\/wp-json\/wp\/v2\/media?parent=146"}],"curies":[{"name":"wp","href":"https:\/\/api.w.org\/{rel}","templated":true}]}}