{"id":332,"date":"2022-04-20T08:44:52","date_gmt":"2022-04-20T06:44:52","guid":{"rendered":"https:\/\/www.hak-feldbach.at\/paticom_wp\/?page_id=332"},"modified":"2025-01-22T13:39:29","modified_gmt":"2025-01-22T12:39:29","slug":"impressum","status":"publish","type":"page","link":"https:\/\/www.hak-feldbach.at\/paticom\/impressum\/","title":{"rendered":"Impressum"},"content":{"rendered":"\n<h2 class=\"wp-block-heading\">Impressum<\/h2>\n\n\n\n<div class=\"wp-block-group alignfull has-global-padding is-layout-constrained wp-block-group-is-layout-constrained\">\n<h3 class=\"wp-block-heading\">Firmawortlaut<\/h3>\n\n\n\n<p>PATICOM Computer- &amp; B\u00fcromaterialhandel GmbH (Hinweis: \u00dcbungsfirma)<\/p>\n\n\n\n<h3 class=\"wp-block-heading\">Unternehmensgegenstand<\/h3>\n\n\n\n<p>Handel &#8211; B\u00fcrom\u00f6bel<br>Handel &#8211; B\u00fcromaschinen<\/p>\n\n\n\n<h3 class=\"wp-block-heading\">Firmenbuchnummer<\/h3>\n\n\n\n<p>FN: 868<\/p>\n\n\n\n<h3 class=\"wp-block-heading\">UID-Nummer<\/h3>\n\n\n\n<p>UID-Nr.:  ATU40086884<\/p>\n\n\n\n<h3 class=\"wp-block-heading\">Firmenbuchgericht<\/h3>\n\n\n\n<p>ACT Gericht Wien<\/p>\n\n\n\n<h3 class=\"wp-block-heading\">Firmensitz<\/h3>\n\n\n\n<p>8330 Feldbach<\/p>\n\n\n\n<h3 class=\"wp-block-heading\">Ort der Gewerbeberechtigung \/ volle geografische Anschrift<\/h3>\n\n\n\n<p>\u00dcbungsfirma der HAK\/HAS Feldbach<br>Pfarrgasse 6<br>8330 Feldbach<br>\u00d6sterreich \/ AUSTRA<\/p>\n\n\n\n<h3 class=\"wp-block-heading\">Kontaktdaten<\/h3>\n\n\n\n<p>Tel.: +43 5024 8063 802<br>Fax:&nbsp;+43 502 4806 38 03<br>E-Mail: paticom868@uebungsfirmen.at<br>Arbeitszeiten: Mi, 11:35 &#8211; 15:05 Uhr<\/p>\n\n\n\n<h3 class=\"wp-block-heading\">Gesch\u00e4ftsf\u00fchrung \/ Juristische Personen<\/h3>\n\n\n\n<p>Franz M\u00fcller, MMSc<\/p>\n<\/div>\n\n\n\n<h3 class=\"wp-block-heading\">Mitgliedschaften bei der<br>Wirtschaftskammerorganisation<\/h3>\n\n\n\n<p>Mitglied der WK\u00d6<\/p>\n\n\n\n<h3 class=\"wp-block-heading\">Rechtsvorschriften<\/h3>\n\n\n\n<p>Berufsrecht:<br>Gewerbeordnung: www.ris.bka.gv.at<\/p>\n\n\n\n<h3 class=\"wp-block-heading\">Aufsichtsbeh\u00f6rde\/Gewerbebeh\u00f6rde<\/h3>\n\n\n\n<p>Bezirkshauptmannschaft S\u00fcdoststeiermark<\/p>\n\n\n\n<h3 class=\"wp-block-heading\">Berufsbezeichnung<\/h3>\n\n\n\n<p>Handelsunternehmen<\/p>\n\n\n\n<h3 class=\"wp-block-heading\">Verleihungsstaat<\/h3>\n\n\n\n<p>\u00d6sterreich<\/p>\n\n\n\n<h3 class=\"wp-block-heading\">Angaben zur Online-Streitbeilegung<\/h3>\n\n\n\n<p>Verbraucher haben die M\u00f6glichkeit,<br>Beschwerden an die Online Streitbeilegungsplattform der EU zu<br>richten: http:\/\/ec.europa.eu\/odr.<br>Sie k\u00f6nnen allf\u00e4llige Beschwerde auch an<br>die oben angegebene E-Mail-Adresse<br>richten.<\/p>\n\n\n\n<div id=\"wp-block-themeisle-blocks-advanced-columns-c011a504\" class=\"wp-block-themeisle-blocks-advanced-columns has-2-columns has-desktop-equal-layout has-tablet-equal-layout has-mobile-equal-layout has-vertical-unset\"><div class=\"wp-block-themeisle-blocks-advanced-columns-overlay\"><\/div><div class=\"innerblocks-wrap\">\n<div id=\"wp-block-themeisle-blocks-advanced-column-fa839075\" class=\"wp-block-themeisle-blocks-advanced-column\"><\/div>\n\n\n\n<div id=\"wp-block-themeisle-blocks-advanced-column-76db89c2\" class=\"wp-block-themeisle-blocks-advanced-column\"><\/div>\n<\/div><\/div>\n\n\n\n<p><\/p>\n","protected":false},"excerpt":{"rendered":"<p>Impressum Firmawortlaut PATICOM Computer- &amp; B\u00fcromaterialhandel GmbH (Hinweis: \u00dcbungsfirma) Unternehmensgegenstand Handel &#8211; B\u00fcrom\u00f6belHandel &#8211; B\u00fcromaschinen Firmenbuchnummer FN: 868 UID-Nummer UID-Nr.: ATU40086884 Firmenbuchgericht ACT Gericht Wien Firmensitz 8330 Feldbach Ort der Gewerbeberechtigung \/ volle geografische Anschrift \u00dcbungsfirma der HAK\/HAS FeldbachPfarrgasse 68330 Feldbach\u00d6sterreich \/ AUSTRA Kontaktdaten Tel.: +43 5024 8063 802Fax:&nbsp;+43 502 4806 38 03E-Mail: paticom868@uebungsfirmen.atArbeitszeiten: Mi, [&hellip;]<\/p>\n","protected":false},"author":4,"featured_media":0,"parent":0,"menu_order":0,"comment_status":"closed","ping_status":"closed","template":"","meta":{"_themeisle_gutenberg_block_has_review":false,"footnotes":""},"class_list":["post-332","page","type-page","status-publish","hentry"],"_links":{"self":[{"href":"https:\/\/www.hak-feldbach.at\/paticom\/wp-json\/wp\/v2\/pages\/332","targetHints":{"allow":["GET"]}}],"collection":[{"href":"https:\/\/www.hak-feldbach.at\/paticom\/wp-json\/wp\/v2\/pages"}],"about":[{"href":"https:\/\/www.hak-feldbach.at\/paticom\/wp-json\/wp\/v2\/types\/page"}],"author":[{"embeddable":true,"href":"https:\/\/www.hak-feldbach.at\/paticom\/wp-json\/wp\/v2\/users\/4"}],"replies":[{"embeddable":true,"href":"https:\/\/www.hak-feldbach.at\/paticom\/wp-json\/wp\/v2\/comments?post=332"}],"version-history":[{"count":19,"href":"https:\/\/www.hak-feldbach.at\/paticom\/wp-json\/wp\/v2\/pages\/332\/revisions"}],"predecessor-version":[{"id":1044,"href":"https:\/\/www.hak-feldbach.at\/paticom\/wp-json\/wp\/v2\/pages\/332\/revisions\/1044"}],"wp:attachment":[{"href":"https:\/\/www.hak-feldbach.at\/paticom\/wp-json\/wp\/v2\/media?parent=332"}],"curies":[{"name":"wp","href":"https:\/\/api.w.org\/{rel}","templated":true}]}}