{"id":770,"date":"2023-04-21T08:22:16","date_gmt":"2023-04-21T06:22:16","guid":{"rendered":"https:\/\/www.hak-feldbach.at\/paticom\/?page_id=770"},"modified":"2024-03-13T13:11:20","modified_gmt":"2024-03-13T12:11:20","slug":"agbs","status":"publish","type":"page","link":"https:\/\/www.hak-feldbach.at\/paticom\/agbs\/","title":{"rendered":"AGB&#8217;s"},"content":{"rendered":"\n<h2 class=\"wp-block-heading\">AGB&#8217;s<\/h2>\n\n\n\n<ol class=\"wp-block-list\" style=\"list-style-type:1\">\n<li><strong>Geltung<br><\/strong>Die Lieferungen, Leistungen und Angebote unseres Unternehmens erfolgen ausschlie\u00dflich aufgrund dieser Gesch\u00e4ftsbedingungen. Entgegenstehende oder von unseren Gesch\u00e4ftsbedingungen abweichende Bedingungen des Kunden werden nicht anerkannt. Au\u00dfer wir haben ausdr\u00fccklich zugestimmt. Unsere Angebote gelten&nbsp;<strong>nur f\u00fcr \u00dcbungsfirmen<\/strong>&nbsp;.<br><br><\/li>\n\n\n\n<li><strong>Angebote<br><\/strong>Unsere Angebote sind freibleibend. Der Vertrag kommt erst durch eine schriftliche Auftragsbest\u00e4tigung oder durch Versendung der vom Kunden bestellten Ware zustande. Dies gilt im Besonderen f\u00fcr Internetangebote, Internetbestellungen und Reservierungen \u00fcber Internet. Hier gilt als Zustimmung eine Best\u00e4tigungs-E-Mail.<br><br><\/li>\n\n\n\n<li><strong>Preis<\/strong><br>Alle von uns genannten Preise sind, sofern nicht anderes ausdr\u00fccklich vermerkt ist, inklusive Umsatzsteuer zu verstehen.<br><br><\/li>\n\n\n\n<li><strong>Zahlungsbedingungen, Verzugszinsen<br><\/strong>Unsere Artikel sind zahlbar innerhalb von 8 Tagen ab Rechnungsdatum mit 2 % Skonto oder 30 Tagen netto Kassa. Bei \u00dcberschreitung des Zahlungszieles werden 10 % Verzugszinsen p.a. verrechnet.<br><br><\/li>\n\n\n\n<li><strong>Lieferbedingungen<br><\/strong>Bei uns gilt ein Mindestbestellwert von \u20ac 250,00.<br><br>Die Lieferkosten werden durch den Verk\u00e4ufer getragen und somit nicht an das einkaufende Unternehmen weitergegeben. <br><br>Unsere Preise verstehen sich ab Werk. Alle Preisangaben inkludieren 20 % USt. Erf\u00fcllungsort und Gerichtsstand ist Feldbach.<br><br><\/li>\n\n\n\n<li><strong>Gew\u00e4hrleistung<br><\/strong>Die Gew\u00e4hrleistungsanspr\u00fcche des Kunden werden nach unserer Wahl &#8211; entweder durch Austausch, durch Reparatur oder durch Preisminderung erf\u00fcllt. Entdeckte M\u00e4ngel sind sofort &#8211; sp\u00e4testens eine Woche nach Lieferung &#8211; bekannt zu geben.<br><br><\/li>\n\n\n\n<li><strong>Eigentumsvorbehalt<br><\/strong>Die Ware bleibt bis zur vollst\u00e4ndigen Bezahlung unser Eigentum. Bei s\u00e4mtlichen Warenr\u00fccknahmen sind wir berechtigt, angemessene Transport- und Manipulationsspesen zu verrechnen.<\/li>\n<\/ol>\n","protected":false},"excerpt":{"rendered":"<p>AGB&#8217;s<\/p>\n","protected":false},"author":1,"featured_media":0,"parent":0,"menu_order":0,"comment_status":"closed","ping_status":"closed","template":"","meta":{"_themeisle_gutenberg_block_has_review":false,"footnotes":""},"class_list":["post-770","page","type-page","status-publish","hentry"],"_links":{"self":[{"href":"https:\/\/www.hak-feldbach.at\/paticom\/wp-json\/wp\/v2\/pages\/770","targetHints":{"allow":["GET"]}}],"collection":[{"href":"https:\/\/www.hak-feldbach.at\/paticom\/wp-json\/wp\/v2\/pages"}],"about":[{"href":"https:\/\/www.hak-feldbach.at\/paticom\/wp-json\/wp\/v2\/types\/page"}],"author":[{"embeddable":true,"href":"https:\/\/www.hak-feldbach.at\/paticom\/wp-json\/wp\/v2\/users\/1"}],"replies":[{"embeddable":true,"href":"https:\/\/www.hak-feldbach.at\/paticom\/wp-json\/wp\/v2\/comments?post=770"}],"version-history":[{"count":6,"href":"https:\/\/www.hak-feldbach.at\/paticom\/wp-json\/wp\/v2\/pages\/770\/revisions"}],"predecessor-version":[{"id":912,"href":"https:\/\/www.hak-feldbach.at\/paticom\/wp-json\/wp\/v2\/pages\/770\/revisions\/912"}],"wp:attachment":[{"href":"https:\/\/www.hak-feldbach.at\/paticom\/wp-json\/wp\/v2\/media?parent=770"}],"curies":[{"name":"wp","href":"https:\/\/api.w.org\/{rel}","templated":true}]}}