{"id":779,"date":"2023-04-21T09:01:33","date_gmt":"2023-04-21T07:01:33","guid":{"rendered":"https:\/\/www.hak-feldbach.at\/paticom\/?page_id=779"},"modified":"2026-01-14T12:35:38","modified_gmt":"2026-01-14T11:35:38","slug":"ueber-uns","status":"publish","type":"page","link":"https:\/\/www.hak-feldbach.at\/paticom\/ueber-uns\/","title":{"rendered":"\u00dcber Uns"},"content":{"rendered":"\n<div class=\"wp-block-cover alignfull has-parallax\" style=\"margin-bottom:var(--wp--preset--spacing--30);padding-top:0;padding-right:0;padding-bottom:0;padding-left:0\"><div class=\"wp-block-cover__image-background wp-image-1307 size-full has-parallax\" style=\"background-position:50% 50%;background-image:url(https:\/\/www.hak-feldbach.at\/paticom\/wp-content\/uploads\/2025\/12\/HAK-Feldbach.jpg)\"><\/div><span aria-hidden=\"true\" class=\"wp-block-cover__background has-contrast-background-color has-background-dim-30 has-background-dim\"><\/span><div class=\"wp-block-cover__inner-container has-global-padding is-layout-constrained wp-container-core-cover-is-layout-4ac4270e wp-block-cover-is-layout-constrained\">\n<h1 class=\"wp-block-heading has-text-align-center has-white-color has-text-color has-xx-large-font-size\">\u00dcber uns<\/h1>\n<\/div><\/div>\n\n\n\n<div style=\"height:50px\" aria-hidden=\"true\" class=\"wp-block-spacer\"><\/div>\n\n\n\n<div class=\"wp-block-group has-global-padding is-layout-constrained wp-block-group-is-layout-constrained\">\n<h2 class=\"wp-block-heading has-text-align-center has-text-color has-link-color wp-elements-020143599e8d053af74e0804865270b0\" id=\"AllgemeineDaten\" style=\"color:#224d8a;font-style:normal;font-weight:700\">Allgemeine Daten<\/h2>\n\n\n\n<div style=\"height:20px\" aria-hidden=\"true\" class=\"wp-block-spacer\"><\/div>\n\n\n\n<h3 class=\"wp-block-heading has-text-align-center has-contrast-color has-text-color has-link-color wp-elements-0c00a48b61a452858defde175e0c6b53\" style=\"font-style:normal;font-weight:600\">PATICOM Computer- &amp; B\u00fcromaterialhandel GmbH<br>\u00dcFA der HAK\/HAS Feldbach<\/h3>\n\n\n\n<div style=\"height:10px\" aria-hidden=\"true\" class=\"wp-block-spacer\"><\/div>\n\n\n\n<p class=\"has-text-align-center\">Seit 2003 sind wir in der Brache vertreten und k\u00f6nnen durch unsere Erfahrung gl\u00e4nzen.<\/p>\n\n\n\n<p class=\"has-text-align-center\">Die PATICOM Computer- &amp; B\u00fcromaterialhandel GmbH steht f\u00fcr Flexibilit\u00e4t, Qualit\u00e4t und Aktualit\u00e4t. Derzeit sind 16 Personen im Unternehmen besch\u00e4ftigt. Durch den Verkauf unserer konkurrenzf\u00e4higen Produkte k\u00f6nnen wir viele zufriedene Kunden zu unserem Kundenstamm z\u00e4hlen.<\/p>\n\n\n\n<p class=\"has-text-align-center\">Wir erm\u00f6glichen Ihnen durch die Vielzahl an erstklassigen Produkten all Ihre Anforderungen und W\u00fcnsche an Qualit\u00e4t und Aktualit\u00e4t zu \u00e4u\u00dferster Zufriedenheit zu erf\u00fcllen. Au\u00dferdem sind unsere Produkte immer up-to-date und stellen die neusten Innovationen auf dem Markt dar.<\/p>\n\n\n\n<p class=\"has-text-align-center\">Wir bieten unseren Kundinnen und Kunden die Gelegenheit alles rund um Papier, Tisch und Computer aus einem reichhaltigen Angebot zu g\u00fcnstigen Preisen zu erwerben und damit L\u00f6sungen f\u00fcr allt\u00e4gliche Probleme zu bieten. Daf\u00fcr steht die Firma PATICOM mit ihrem Namen.<\/p>\n\n\n\n<p class=\"has-text-align-center\"><strong>Unternehmensgegenstand: <\/strong>\u00dcbungsfirma<br><strong>Branchen:<\/strong> Handel mit B\u00fcromaschinen und Handel mit B\u00fcrom\u00f6beln<br><strong>Produktgruppen:<\/strong> B\u00fcromaterial, B\u00fcrom\u00f6bel, Hardware, Software<\/p>\n<\/div>\n\n\n\n<div style=\"height:28px\" aria-hidden=\"true\" class=\"wp-block-spacer\"><\/div>\n\n\n\n<div class=\"wp-block-group has-global-padding is-layout-constrained wp-block-group-is-layout-constrained\">\n<h2 class=\"wp-block-heading has-text-align-center has-text-color has-link-color wp-elements-a477674954f0bae3498ee457236d1851\" style=\"color:#224d8a;font-style:normal;font-weight:700\">Unser Organigramm<\/h2>\n\n\n\n<figure class=\"wp-block-image size-full is-resized\"><img loading=\"lazy\" decoding=\"async\" width=\"1024\" height=\"768\" src=\"https:\/\/www.hak-feldbach.at\/paticom\/wp-content\/uploads\/2025\/11\/Paticom-Organigram-neu.png\" alt=\"\" class=\"wp-image-1300\" style=\"width:1038px;height:auto\" srcset=\"https:\/\/www.hak-feldbach.at\/paticom\/wp-content\/uploads\/2025\/11\/Paticom-Organigram-neu.png 1024w, https:\/\/www.hak-feldbach.at\/paticom\/wp-content\/uploads\/2025\/11\/Paticom-Organigram-neu-300x225.png 300w, https:\/\/www.hak-feldbach.at\/paticom\/wp-content\/uploads\/2025\/11\/Paticom-Organigram-neu-768x576.png 768w\" sizes=\"auto, (max-width: 1024px) 100vw, 1024px\" \/><\/figure>\n\n\n\n<div style=\"height:28px\" aria-hidden=\"true\" class=\"wp-block-spacer\"><\/div>\n\n\n\n<h2 class=\"wp-block-heading has-text-align-center has-text-color has-link-color wp-elements-511c25fcc65abea2bc9a683b706a0e65\" id=\"PaedagogischesUnterrichtskonzept\" style=\"color:#224d8a;font-style:normal;font-weight:700\">P\u00e4dagogisches Unterrichtskonzept<\/h2>\n\n\n\n<h3 class=\"wp-block-heading has-text-align-center has-text-color has-link-color wp-elements-dfffc5903d19af392db318e72999ace8\" style=\"color:#6f99d3\">\u00dcbungsfirma im Unterricht<\/h3>\n\n\n\n<p class=\"has-text-align-center\">Die \u00dcbungsfirma bietet Sch\u00fclerinnen und Sch\u00fclern die M\u00f6glichkeit, theoretische Kenntnisse in der Praxis anzuwenden und wichtige F\u00e4higkeiten im kaufm\u00e4nnischen Bereich zu erlernen. Im vierten Jahrgang arbeiten die Sch\u00fclerinnen und Sch\u00fcler in der \u00dcbungsfirma, in der sie praktische Gesch\u00e4ftsf\u00e4lle abwickeln und Organisationsabl\u00e4ufe, unter Ber\u00fccksichtigung von kaufm\u00e4nnischen Traditionen und rechtlichen Vorgaben, durchf\u00fchren. Obwohl Waren und Dienstleistungen sowie Zahlungsmittel virtuell sind, wird die \u00dcbungsfirma wie ein echtes Unternehmen gef\u00fchrt.<\/p>\n\n\n\n<p class=\"has-text-align-center\">Die Sch\u00fclerinnen und Sch\u00fcler arbeiten im betriebswirtschaftlichen Zentrum (BWZ) in Teams und verbessern dabei ihre F\u00e4higkeiten in der Teamarbeit, im eigenverantwortlichen Arbeiten und im vernetzten Denken. Der Erfolg der \u00dcbungsfirma h\u00e4ngt dabei von ihrer Motivation und Einsatzbereitschaft ab &#8211; genau wie in einem realen Unternehmen.<\/p>\n\n\n\n<p class=\"has-text-align-center\">Die Lehrperson unterst\u00fctzt die Sch\u00fclerinnen und Sch\u00fcler in der Rolle der Gesch\u00e4ftsf\u00fchrung, \u00fcberl\u00e4sst ihnen jedoch auch gen\u00fcgend Freiraum, um eigene Entscheidungen zu treffen und aus Fehlern zu lernen.<\/p>\n<\/div>\n\n\n\n<div style=\"height:27px\" aria-hidden=\"true\" class=\"wp-block-spacer\"><\/div>\n\n\n\n<div class=\"wp-block-group has-global-padding is-layout-constrained wp-block-group-is-layout-constrained\">\n<h3 class=\"wp-block-heading has-text-align-center\" id=\"UnserTeam\" style=\"font-size:clamp(17.905px, 1.119rem + ((1vw - 3.2px) * 0.99), 28px);font-style:normal;font-weight:800\">Unser Team<\/h3>\n\n\n\n<figure class=\"wp-block-image aligncenter size-large is-resized has-custom-border is-style-default wp-duotone-unset-1\"><img loading=\"lazy\" decoding=\"async\" width=\"1024\" height=\"630\" src=\"https:\/\/www.hak-feldbach.at\/paticom\/wp-content\/uploads\/2025\/12\/Gruppenbild-1024x630.jpg\" alt=\"\" class=\"wp-image-1386\" style=\"border-style:none;border-width:0px;border-top-left-radius:9px;border-top-right-radius:9px;border-bottom-left-radius:9px;border-bottom-right-radius:9px;width:699px;height:auto\" srcset=\"https:\/\/www.hak-feldbach.at\/paticom\/wp-content\/uploads\/2025\/12\/Gruppenbild-1024x630.jpg 1024w, https:\/\/www.hak-feldbach.at\/paticom\/wp-content\/uploads\/2025\/12\/Gruppenbild-300x185.jpg 300w, https:\/\/www.hak-feldbach.at\/paticom\/wp-content\/uploads\/2025\/12\/Gruppenbild-768x473.jpg 768w, https:\/\/www.hak-feldbach.at\/paticom\/wp-content\/uploads\/2025\/12\/Gruppenbild-1536x946.jpg 1536w, https:\/\/www.hak-feldbach.at\/paticom\/wp-content\/uploads\/2025\/12\/Gruppenbild-2048x1261.jpg 2048w\" sizes=\"auto, (max-width: 1024px) 100vw, 1024px\" \/><\/figure>\n<\/div>\n\n\n\n<div style=\"height:50px\" aria-hidden=\"true\" class=\"wp-block-spacer\"><\/div>\n\n\n\n<div class=\"wp-block-group has-global-padding is-layout-constrained wp-block-group-is-layout-constrained\">\n<h2 class=\"wp-block-heading has-text-align-center has-text-color has-link-color wp-elements-94fba4bf1ac3a1df4c1ab5e64ad6dce0\" id=\"ZieleUndSchwerpunkte\" style=\"color:#224d8a;font-style:normal;font-weight:700\">Ziele und Schwerpunkte<\/h2>\n\n\n\n<h3 class=\"wp-block-heading has-text-align-center has-text-color has-link-color wp-elements-145c78f39e41a4e7710a338397a208b7\" style=\"color:#6f99d3\">Unsere Ziele<\/h3>\n\n\n\n<p class=\"has-text-align-center\">F\u00fcr uns ist es wichtig, unternehmerischen Erfolg zu erzielen und eine hohe Qualit\u00e4t unserer Arbeit zu gew\u00e4hrleisten sowie diese zu dokumentieren. Daher nehmen wir regelm\u00e4\u00dfig am j\u00e4hrlichen ACT-Upgrade teil und streben das bestm\u00f6gliche Ergebnis bei den ACT-Qualit\u00e4tsaudits an.<\/p>\n\n\n\n<p class=\"has-text-align-center\">Wir versuchen in jedem Gesch\u00e4ftsjahr unsere Gesch\u00e4ftsprozesse zu optimieren und unseren Umsatz zu steigern, damit wir weiter einer der erfolgreichsten Handelsunternehmen im \u00dcbungsfirmenmarkt bleiben.<\/p>\n\n\n\n<h3 class=\"wp-block-heading has-text-align-center has-text-color has-link-color wp-elements-aab28b6275411e944c428ad368569892\" style=\"color:#6f99d3\">Schwerpunkte 2025\/2026<\/h3>\n\n\n\n<p class=\"has-text-align-center\">In diesem Jahr konzentrieren wir uns besonders darauf, bestehende Prozesse zu \u00fcberpr\u00fcfen und zu hinterfragen und diese bestm\u00f6glich in BMD abzubilden. Wir sind bestrebt, eine Kultur der kontinuierlichen Verbesserung zu schaffen und uns st\u00e4ndig weiterzuentwickeln, um unsere Ziele zu erreichen.<\/p>\n<\/div>\n\n\n\n<div style=\"height:100px\" aria-hidden=\"true\" class=\"wp-block-spacer\"><\/div>\n\n\n\n<div class=\"wp-block-group has-global-padding is-layout-constrained wp-block-group-is-layout-constrained\">\n<h2 class=\"wp-block-heading has-text-align-center has-text-color has-link-color wp-elements-0f49ae921a615fbf5ceaae81f3e86335\" id=\"DigitalisierungNachhaltigkeit\" style=\"color:#224d8a;font-style:normal;font-weight:700\">Digitalisierung und Nachhaltigkeit<\/h2>\n\n\n\n<p class=\"has-text-align-center\">Nachhaltigkeit ist ein wichtiges Bed\u00fcrfnis der heutigen Zeit und ein gro\u00dfes Anliegen unserer \u00dcbungsfirma. Deshalb haben wir uns vollkommen digitalisiert und arbeiten mit aktueller Software und Technologien, die zahlreiche M\u00f6glichkeiten f\u00fcr die effizientere Gestaltung der \u00dcbungsfirma bieten. Wir regulieren unsere stromverbrauchenden Anlagen und verzichten so gut wie m\u00f6glich auf Papier, um unseren \u00f6konomischen Fu\u00dfabdruck so klein wie m\u00f6glich zu halten. <\/p>\n\n\n\n<p class=\"has-text-align-center\">Unsere Mitarbeiterinnen und Mitarbeiter lernen, wie man \u00f6kologische und soziale Aspekte in die Gesch\u00e4ftsentscheidungen integriert, um einen positiven Beitrag zur Gesellschaft und Umwelt zu leisten. Deswegen ist unsere \u00dcbungsfirma ein Vorbild f\u00fcr andere, indem sie zeigt, wie man erfolgreich und verantwortungsbewusst wirtschaftet.<\/p>\n<\/div>\n\n\n\n<div style=\"height:100px\" aria-hidden=\"true\" class=\"wp-block-spacer\"><\/div>\n\n\n\n<div class=\"wp-block-group has-global-padding is-layout-constrained wp-block-group-is-layout-constrained\">\n<h2 class=\"wp-block-heading has-text-align-center has-text-color has-link-color wp-elements-20b9720b7ad0f9e943904a33bcb03e58\" id=\"Leitbild\" style=\"color:#224d8a;font-style:normal;font-weight:700\">Unser Leitbild<\/h2>\n\n\n\n<p class=\"has-text-align-center\">Unser Unternehmen ist bestrebt, hochwertige Produkte anzubieten, die den Bed\u00fcrfnissen unserer Kunden gerecht werden. Wir sind ein Unternehmen, das sich auf den Verkauf von Computer-, Schreibtisch- und Papierwaren spezialisiert hat und dabei stets die h\u00f6chsten Qualit\u00e4tsstandards einh\u00e4lt.<\/p>\n\n\n\n<p class=\"has-text-align-center\">Unser Ziel ist es, unseren Kunden innovative und zuverl\u00e4ssige Produkte anzubieten, die sie bei ihrer Arbeit und in ihrem t\u00e4glichen Leben unterst\u00fctzen. Wir setzen uns daf\u00fcr ein, dass unsere Produkte stets auf dem neuesten Stand der Technik sind und den Bed\u00fcrfnissen unserer Kunden entsprechen.<\/p>\n\n\n\n<p class=\"has-text-align-center\">Unsere Mitarbeiterinnen und Mitarbeiter sind das Herzst\u00fcck unseres Unternehmens. Wir sch\u00e4tzen ihre Arbeit und f\u00f6rdern ihre pers\u00f6nliche und berufliche Entwicklung. Wir setzen uns f\u00fcr eine offene und faire Arbeitskultur ein, in der jeder seine F\u00e4higkeiten und Ideen einbringen kann.<\/p>\n\n\n\n<p class=\"has-text-align-center\">Unser Unternehmen setzt auf partnerschaftliche Zusammenarbeit mit Kunden, Lieferanten und anderen Unternehmen. Wir sind bestrebt, langfristige Beziehungen aufzubauen und gemeinsam erfolgreiche L\u00f6sungen zu finden.<\/p>\n\n\n\n<p class=\"has-text-align-center\">In allem, was wir tun, setzen wir auf Integrit\u00e4t, Qualit\u00e4t und Kundenzufriedenheit. Wir streben danach, ein f\u00fchrendes Unternehmen in unserer Branche zu sein und uns st\u00e4ndig weiterzuentwickeln, um den Anforderungen unserer Kunden gerecht zu werden.<\/p>\n\n\n\n<figure class=\"wp-block-image aligncenter size-full is-resized is-style-default\"><img loading=\"lazy\" decoding=\"async\" width=\"512\" height=\"512\" src=\"https:\/\/www.hak-feldbach.at\/paticom\/wp-content\/uploads\/2025\/10\/cropped-LOGO_transparent_quadratisch.png\" alt=\"\" class=\"wp-image-1122\" style=\"width:164px;height:auto\" srcset=\"https:\/\/www.hak-feldbach.at\/paticom\/wp-content\/uploads\/2025\/10\/cropped-LOGO_transparent_quadratisch.png 512w, https:\/\/www.hak-feldbach.at\/paticom\/wp-content\/uploads\/2025\/10\/cropped-LOGO_transparent_quadratisch-300x300.png 300w, https:\/\/www.hak-feldbach.at\/paticom\/wp-content\/uploads\/2025\/10\/cropped-LOGO_transparent_quadratisch-150x150.png 150w, https:\/\/www.hak-feldbach.at\/paticom\/wp-content\/uploads\/2025\/10\/cropped-LOGO_transparent_quadratisch-74x74.png 74w\" sizes=\"auto, (max-width: 512px) 100vw, 512px\" \/><\/figure>\n<\/div>\n","protected":false},"excerpt":{"rendered":"<p>Allgemeine Daten PATICOM Computer- &amp; B\u00fcromaterialhandel GmbH\u00dcFA der HAK\/HAS Feldbach Seit 2003 sind wir in der Brache vertreten und k\u00f6nnen durch unsere Erfahrung gl\u00e4nzen. Die PATICOM Computer- &amp; B\u00fcromaterialhandel GmbH steht f\u00fcr Flexibilit\u00e4t, Qualit\u00e4t und Aktualit\u00e4t. Derzeit sind 16 Personen im Unternehmen besch\u00e4ftigt. Durch den Verkauf unserer konkurrenzf\u00e4higen Produkte k\u00f6nnen wir viele zufriedene Kunden zu [&hellip;]<\/p>\n","protected":false},"author":1,"featured_media":0,"parent":0,"menu_order":0,"comment_status":"closed","ping_status":"closed","template":"","meta":{"_themeisle_gutenberg_block_has_review":false,"footnotes":""},"class_list":["post-779","page","type-page","status-publish","hentry"],"_links":{"self":[{"href":"https:\/\/www.hak-feldbach.at\/paticom\/wp-json\/wp\/v2\/pages\/779","targetHints":{"allow":["GET"]}}],"collection":[{"href":"https:\/\/www.hak-feldbach.at\/paticom\/wp-json\/wp\/v2\/pages"}],"about":[{"href":"https:\/\/www.hak-feldbach.at\/paticom\/wp-json\/wp\/v2\/types\/page"}],"author":[{"embeddable":true,"href":"https:\/\/www.hak-feldbach.at\/paticom\/wp-json\/wp\/v2\/users\/1"}],"replies":[{"embeddable":true,"href":"https:\/\/www.hak-feldbach.at\/paticom\/wp-json\/wp\/v2\/comments?post=779"}],"version-history":[{"count":70,"href":"https:\/\/www.hak-feldbach.at\/paticom\/wp-json\/wp\/v2\/pages\/779\/revisions"}],"predecessor-version":[{"id":1502,"href":"https:\/\/www.hak-feldbach.at\/paticom\/wp-json\/wp\/v2\/pages\/779\/revisions\/1502"}],"wp:attachment":[{"href":"https:\/\/www.hak-feldbach.at\/paticom\/wp-json\/wp\/v2\/media?parent=779"}],"curies":[{"name":"wp","href":"https:\/\/api.w.org\/{rel}","templated":true}]}}